{"id":284,"date":"2018-02-14T11:26:59","date_gmt":"2018-02-14T09:26:59","guid":{"rendered":"https:\/\/www.cerconn.fi\/?page_id=284"},"modified":"2020-09-03T18:27:36","modified_gmt":"2020-09-03T15:27:36","slug":"nybyggnad-saneringstjanster","status":"publish","type":"page","link":"https:\/\/www.cerconn.fi\/sv\/nybyggnad-saneringstjanster\/","title":{"rendered":"Nybyggnad, saneringstj\u00e4nster och takrenovering"},"content":{"rendered":"<p>[et_pb_section bb_built=&#8221;1&#8243; fullwidth=&#8221;on&#8221; _builder_version=&#8221;3.0.105&#8243; inner_width=&#8221;90%&#8221; inner_max_width=&#8221;1200px&#8221; next_background_color=&#8221;#000000&#8243;][et_pb_fullwidth_image _builder_version=&#8221;3.0.105&#8243; background_image=&#8221;https:\/\/www.cerconn.fi\/wp-content\/uploads\/2018\/02\/PICT0630.jpg&#8221; custom_padding=&#8221;200px||200px|&#8221;]<\/p>\n<p><\/p>\n<p>[\/et_pb_fullwidth_image][\/et_pb_section][et_pb_section bb_built=&#8221;1&#8243; _builder_version=&#8221;3.0.47&#8243; inner_width=&#8221;90%&#8221; inner_max_width=&#8221;1200px&#8221; prev_background_color=&#8221;#000000&#8243;][et_pb_row _builder_version=&#8221;3.0.48&#8243; background_size=&#8221;initial&#8221; background_position=&#8221;top_left&#8221; background_repeat=&#8221;repeat&#8221; width=&#8221;90%&#8221; max_width=&#8221;1200px&#8221;][et_pb_column type=&#8221;2_3&#8243; _builder_version=&#8221;3.0.47&#8243; parallax=&#8221;off&#8221; parallax_method=&#8221;on&#8221; custom_padding__hover=&#8221;|||&#8221; custom_padding=&#8221;|||&#8221;][et_pb_text _builder_version=&#8221;3.29.3&#8243; text_text_shadow_horizontal_length=&#8221;text_text_shadow_style,%91object Object%93&#8243; text_text_shadow_horizontal_length_tablet=&#8221;0px&#8221; text_text_shadow_vertical_length=&#8221;text_text_shadow_style,%91object Object%93&#8243; text_text_shadow_vertical_length_tablet=&#8221;0px&#8221; text_text_shadow_blur_strength=&#8221;text_text_shadow_style,%91object Object%93&#8243; text_text_shadow_blur_strength_tablet=&#8221;1px&#8221; link_text_shadow_horizontal_length=&#8221;link_text_shadow_style,%91object Object%93&#8243; link_text_shadow_horizontal_length_tablet=&#8221;0px&#8221; link_text_shadow_vertical_length=&#8221;link_text_shadow_style,%91object Object%93&#8243; link_text_shadow_vertical_length_tablet=&#8221;0px&#8221; link_text_shadow_blur_strength=&#8221;link_text_shadow_style,%91object Object%93&#8243; link_text_shadow_blur_strength_tablet=&#8221;1px&#8221; ul_text_shadow_horizontal_length=&#8221;ul_text_shadow_style,%91object Object%93&#8243; ul_text_shadow_horizontal_length_tablet=&#8221;0px&#8221; ul_text_shadow_vertical_length=&#8221;ul_text_shadow_style,%91object Object%93&#8243; ul_text_shadow_vertical_length_tablet=&#8221;0px&#8221; ul_text_shadow_blur_strength=&#8221;ul_text_shadow_style,%91object Object%93&#8243; ul_text_shadow_blur_strength_tablet=&#8221;1px&#8221; ol_text_shadow_horizontal_length=&#8221;ol_text_shadow_style,%91object Object%93&#8243; ol_text_shadow_horizontal_length_tablet=&#8221;0px&#8221; ol_text_shadow_vertical_length=&#8221;ol_text_shadow_style,%91object Object%93&#8243; ol_text_shadow_vertical_length_tablet=&#8221;0px&#8221; ol_text_shadow_blur_strength=&#8221;ol_text_shadow_style,%91object Object%93&#8243; ol_text_shadow_blur_strength_tablet=&#8221;1px&#8221; quote_text_shadow_horizontal_length=&#8221;quote_text_shadow_style,%91object Object%93&#8243; quote_text_shadow_horizontal_length_tablet=&#8221;0px&#8221; quote_text_shadow_vertical_length=&#8221;quote_text_shadow_style,%91object Object%93&#8243; quote_text_shadow_vertical_length_tablet=&#8221;0px&#8221; quote_text_shadow_blur_strength=&#8221;quote_text_shadow_style,%91object Object%93&#8243; quote_text_shadow_blur_strength_tablet=&#8221;1px&#8221; header_text_shadow_horizontal_length=&#8221;header_text_shadow_style,%91object Object%93&#8243; header_text_shadow_horizontal_length_tablet=&#8221;0px&#8221; header_text_shadow_vertical_length=&#8221;header_text_shadow_style,%91object Object%93&#8243; header_text_shadow_vertical_length_tablet=&#8221;0px&#8221; header_text_shadow_blur_strength=&#8221;header_text_shadow_style,%91object Object%93&#8243; header_text_shadow_blur_strength_tablet=&#8221;1px&#8221; header_2_text_shadow_horizontal_length=&#8221;header_2_text_shadow_style,%91object Object%93&#8243; header_2_text_shadow_horizontal_length_tablet=&#8221;0px&#8221; header_2_text_shadow_vertical_length=&#8221;header_2_text_shadow_style,%91object Object%93&#8243; header_2_text_shadow_vertical_length_tablet=&#8221;0px&#8221; header_2_text_shadow_blur_strength=&#8221;header_2_text_shadow_style,%91object Object%93&#8243; header_2_text_shadow_blur_strength_tablet=&#8221;1px&#8221; header_3_text_shadow_horizontal_length=&#8221;header_3_text_shadow_style,%91object Object%93&#8243; header_3_text_shadow_horizontal_length_tablet=&#8221;0px&#8221; header_3_text_shadow_vertical_length=&#8221;header_3_text_shadow_style,%91object Object%93&#8243; header_3_text_shadow_vertical_length_tablet=&#8221;0px&#8221; header_3_text_shadow_blur_strength=&#8221;header_3_text_shadow_style,%91object Object%93&#8243; header_3_text_shadow_blur_strength_tablet=&#8221;1px&#8221; header_4_text_shadow_horizontal_length=&#8221;header_4_text_shadow_style,%91object Object%93&#8243; header_4_text_shadow_horizontal_length_tablet=&#8221;0px&#8221; header_4_text_shadow_vertical_length=&#8221;header_4_text_shadow_style,%91object Object%93&#8243; header_4_text_shadow_vertical_length_tablet=&#8221;0px&#8221; header_4_text_shadow_blur_strength=&#8221;header_4_text_shadow_style,%91object Object%93&#8243; header_4_text_shadow_blur_strength_tablet=&#8221;1px&#8221; header_5_text_shadow_horizontal_length=&#8221;header_5_text_shadow_style,%91object Object%93&#8243; header_5_text_shadow_horizontal_length_tablet=&#8221;0px&#8221; header_5_text_shadow_vertical_length=&#8221;header_5_text_shadow_style,%91object Object%93&#8243; header_5_text_shadow_vertical_length_tablet=&#8221;0px&#8221; header_5_text_shadow_blur_strength=&#8221;header_5_text_shadow_style,%91object Object%93&#8243; header_5_text_shadow_blur_strength_tablet=&#8221;1px&#8221; header_6_text_shadow_horizontal_length=&#8221;header_6_text_shadow_style,%91object Object%93&#8243; header_6_text_shadow_horizontal_length_tablet=&#8221;0px&#8221; header_6_text_shadow_vertical_length=&#8221;header_6_text_shadow_style,%91object Object%93&#8243; header_6_text_shadow_vertical_length_tablet=&#8221;0px&#8221; header_6_text_shadow_blur_strength=&#8221;header_6_text_shadow_style,%91object Object%93&#8243; header_6_text_shadow_blur_strength_tablet=&#8221;1px&#8221; box_shadow_horizontal_tablet=&#8221;0px&#8221; box_shadow_vertical_tablet=&#8221;0px&#8221; box_shadow_blur_tablet=&#8221;40px&#8221; box_shadow_spread_tablet=&#8221;0px&#8221; z_index_tablet=&#8221;500&#8243;]<\/p>\n<h1>Nybyggnad<\/h1>\n<p>Cerconn erbjuder nybyggnadstj\u00e4nster enligt nykceln i handen princip. Vi levererar allt du beh\u00f6ver i byggnadsv\u00e4g b\u00f6rjandes fr\u00e5n grundjutning framtill att utrymmen \u00e4r sopklara. Vi kan hj\u00e4lpa dig uppf\u00f6ra egnahemshus, bilgarage och stugor. Terasser, lagerbyggnader samt sm\u00e5 g\u00e5rdsbyggnader kan vi ocks\u00e5 leverera. D\u00e5 man bygger egnahemshus f\u00f6ruts\u00e4tter det att man anlitat en ansvarig byggm\u00e4stare, det \u00e4r ocks\u00e5 n\u00e5gonting vi kan hj\u00e4lpa dig med.<\/p>\n<h2>Saneringstj\u00e4nster och takremonter<\/h2>\n<p>Kvalitativa samt kostnadseffektiva saneringstj\u00e4nster enligt kundens behov och \u00f6nskem\u00e5l. Vi utf\u00f6r helt\u00e4ckande saneringsarbeten allt fr\u00e5n golv till tak och fr\u00e5n k\u00f6ksremonter till badrumssaneringar (v\u00e5trumscertifikat) och takremonter. V\u00ed utf\u00f6r ocks\u00e5 diverse installationsarbeten och levererar maskiner samt beh\u00f6vligt material. Vi hj\u00e4lper dig \u00e4ven med &#8221;finishen&#8221; i form av m\u00e5larbeten och tapetseringar.<\/p>\n<h2>Stugsk\u00f6tsel<\/h2>\n<p>Som en s\u00e5 kallad &#8221;stugg\u00e5rdskarl&#8221; hanterar vi obligatoriska och riskabela underh\u00e5llsarbete f\u00f6r din del, som till exempel:<\/p>\n<ul>\n<li>Sanerings- och byggnadsarbete<\/li>\n<li>Underh\u00e5llsarbeten<\/li>\n<li>Tr\u00e4df\u00e4llning<\/li>\n<li>St\u00e4dning<\/li>\n<li>Sm\u00e5 remonter<\/li>\n<li>Stora byggnadsarbeten<\/li>\n<li>Byggande av terrasser och trappor<\/li>\n<li>Uppf\u00f6rande av bryggor och konstruktioner<\/li>\n<\/ul>\n<p><a href=\"https:\/\/www.cerconn.fi\/sv\/kontaktuppgifter\/\">Ta kontakt<\/a> s\u00e5 ber\u00e4ttar vi mer!<\/p>\n<p>[\/et_pb_text][\/et_pb_column][et_pb_column type=&#8221;1_3&#8243; _builder_version=&#8221;3.0.47&#8243; parallax=&#8221;off&#8221; parallax_method=&#8221;on&#8221; custom_padding__hover=&#8221;|||&#8221; custom_padding=&#8221;|||&#8221;][et_pb_text _builder_version=&#8221;3.0.105&#8243; border_width_all=&#8221;1px&#8221; custom_padding=&#8221;20px|20px|20px|20px&#8221; animation_style=&#8221;flip&#8221; text_orientation=&#8221;left&#8221;]<\/p>\n<h3>Kom ih\u00e5g hush\u00e5llsavdraget!<\/h3>\n<p>Cerconn:s utf\u00f6rda arbeten ber\u00e4ttigar till hush\u00e5llsavdrag.<\/p>\n<p>Mer information om hush\u00e5llsavdraget hittar du p\u00e5\u00a0<a href=\"https:\/\/www.vero.fi\/sv\/privatpersoner\/skattekort-och-skattedeklaration\/inkomster-och-avdrag\/hushallsavdrag\/\" target=\"_blank\" rel=\"noopener noreferrer\">Skatteverkets hemsida<\/a>.<\/p>\n<p>[\/et_pb_text][\/et_pb_column][\/et_pb_row][\/et_pb_section]<\/p>\n","protected":false},"excerpt":{"rendered":"<p>NybyggnadCerconn erbjuder nybyggnadstj\u00e4nster enligt nykceln i handen princip. Vi levererar allt du beh\u00f6ver i byggnadsv\u00e4g b\u00f6rjandes fr\u00e5n grundjutning framtill att utrymmen \u00e4r sopklara. Vi kan hj\u00e4lpa dig uppf\u00f6ra egnahemshus, bilgarage och stugor. Terasser, lagerbyggnader samt sm\u00e5 g\u00e5rdsbyggnader kan vi ocks\u00e5 leverera. D\u00e5 man bygger egnahemshus f\u00f6ruts\u00e4tter det att man anlitat en ansvarig byggm\u00e4stare, det \u00e4r [&hellip;]<\/p>\n","protected":false},"author":1,"featured_media":0,"parent":0,"menu_order":1,"comment_status":"closed","ping_status":"closed","template":"","meta":{"_et_pb_use_builder":"on","_et_pb_old_content":"","_et_gb_content_width":"","footnotes":""},"class_list":["post-284","page","type-page","status-publish","hentry"],"_links":{"self":[{"href":"https:\/\/www.cerconn.fi\/sv\/wp-json\/wp\/v2\/pages\/284","targetHints":{"allow":["GET"]}}],"collection":[{"href":"https:\/\/www.cerconn.fi\/sv\/wp-json\/wp\/v2\/pages"}],"about":[{"href":"https:\/\/www.cerconn.fi\/sv\/wp-json\/wp\/v2\/types\/page"}],"author":[{"embeddable":true,"href":"https:\/\/www.cerconn.fi\/sv\/wp-json\/wp\/v2\/users\/1"}],"replies":[{"embeddable":true,"href":"https:\/\/www.cerconn.fi\/sv\/wp-json\/wp\/v2\/comments?post=284"}],"version-history":[{"count":0,"href":"https:\/\/www.cerconn.fi\/sv\/wp-json\/wp\/v2\/pages\/284\/revisions"}],"wp:attachment":[{"href":"https:\/\/www.cerconn.fi\/sv\/wp-json\/wp\/v2\/media?parent=284"}],"curies":[{"name":"wp","href":"https:\/\/api.w.org\/{rel}","templated":true}]}}